{"id":150,"date":"2020-01-31T11:13:38","date_gmt":"2020-01-31T11:13:38","guid":{"rendered":"http:\/\/erwine1.sg-host.com\/?page_id=150"},"modified":"2025-04-18T14:25:24","modified_gmt":"2025-04-18T14:25:24","slug":"medizintechnischegeraete","status":"publish","type":"page","link":"https:\/\/klippert.wp2.zinzius.de\/startseite\/medizintechnischegeraete\/","title":{"rendered":"Medizintechnische Ger\u00e4te"},"content":{"rendered":"\n<h2 class=\"wp-block-heading\">Medizintechnische Ger\u00e4te f\u00fcr den Arzt- und Krankenhausbedarf<\/h2>\n\n\n\n<p><strong>Auf diesen Seiten bieten wir Ihnen medizintechnische Ger\u00e4te wie z. B. die folgenden an:<\/strong><\/p>\n\n\n\n<figure class=\"wp-block-image aligncenter size-full is-resized\"><img loading=\"lazy\" decoding=\"async\" width=\"456\" height=\"238\" src=\"https:\/\/klippert.wp2.zinzius.de\/wp-content\/uploads\/2024\/12\/medizintechnische_gera__776_te.jpg\" alt=\"\" class=\"wp-image-450\" style=\"width:925px;height:auto\" srcset=\"https:\/\/klippert.wp2.zinzius.de\/wp-content\/uploads\/2024\/12\/medizintechnische_gera__776_te.jpg 456w, https:\/\/klippert.wp2.zinzius.de\/wp-content\/uploads\/2024\/12\/medizintechnische_gera__776_te-300x157.jpg 300w\" sizes=\"auto, (max-width: 456px) 100vw, 456px\" \/><\/figure>\n\n\n\n<p>Unser Sortiment medizintechnischer Produkte wird regelm\u00e4\u00dfig erweitert und \u00fcberarbeitet. Sollte jedoch einmal ein Produkt fehlen,\u00a0<br>k\u00f6nnen uns aber auch jederzeit sehr gerne pers\u00f6nlich ansprechen.<\/p>\n\n\n\n<p><strong>Bestellungen (und Anfragen) nehmen wir gerne wie folgt entgegen:<\/strong><\/p>\n\n\n\n<ul class=\"wp-block-list\">\n<li>per Mail (<a href=\"mailto:kontakt@klippert-medizintechnik.de\">kontakt@klippert-medizintechnik.de<\/a>) oder<\/li>\n\n\n\n<li>\u00fcber unser\u00a0<a href=\"https:\/\/klippert.wp2.zinzius.de\/startseite\/kontaktformular\/\" data-type=\"page\" data-id=\"532\" target=\"_blank\" rel=\"noreferrer noopener\">Webformular<\/a><\/li>\n<\/ul>\n\n\n\n<p><strong>Ein individuelles Angebot, H\u00e4ndlerpreise sowie spezielle Preisstaffeln f\u00fcr gr\u00f6\u00dfere Bestellmengen&nbsp;<br>erhalten Sie gerne auf&nbsp;<a href=\"https:\/\/klippert.wp2.zinzius.de\/startseite\/kontaktformular\/\" data-type=\"page\" data-id=\"532\" target=\"_blank\" rel=\"noreferrer noopener\">Anfrage<\/a>.<\/strong><\/p>\n\n\n\n<div class=\"wp-block-buttons is-layout-flex wp-block-buttons-is-layout-flex\">\n<div class=\"wp-block-button\"><a class=\"wp-block-button__link wp-element-button\" href=\"https:\/\/klippert.wp2.zinzius.de\/startseite\/category\/allesauerstoff\/flaschenfahrgestelle\/\">Flaschenfahrgestelle<\/a><\/div>\n<\/div>\n\n\n\n<div class=\"wp-block-buttons is-layout-flex wp-block-buttons-is-layout-flex\">\n<div class=\"wp-block-button\"><a class=\"wp-block-button__link wp-element-button\" href=\"https:\/\/klippert.wp2.zinzius.de\/startseite\/category\/allesauerstoff\/flaschenmantel\/\">Flaschenmantel<\/a><\/div>\n<\/div>\n\n\n\n<div class=\"wp-block-buttons is-layout-flex wp-block-buttons-is-layout-flex\">\n<div class=\"wp-block-button\"><a class=\"wp-block-button__link wp-element-button\" href=\"https:\/\/klippert.wp2.zinzius.de\/startseite\/category\/medizintechnischegeraete\/gerateschienen\/\">Ger\u00e4teschienen\/Normschienen<\/a><\/div>\n<\/div>\n\n\n\n<div class=\"wp-block-buttons is-layout-flex wp-block-buttons-is-layout-flex\">\n<div class=\"wp-block-button\"><a class=\"wp-block-button__link wp-element-button\" href=\"https:\/\/klippert.wp2.zinzius.de\/startseite\/category\/medizintechnischegeraete\/geratewagen\/\">Ger\u00e4tewagen<\/a><\/div>\n<\/div>\n\n\n\n<div class=\"wp-block-buttons is-layout-flex wp-block-buttons-is-layout-flex\">\n<div class=\"wp-block-button\"><a class=\"wp-block-button__link wp-element-button\" href=\"https:\/\/klippert.wp2.zinzius.de\/startseite\/category\/medizintechnischegeraete\/hygienezubehoer\/\">Hygienezubeh\u00f6r<\/a><\/div>\n<\/div>\n\n\n\n<div class=\"wp-block-buttons is-layout-flex wp-block-buttons-is-layout-flex\">\n<div class=\"wp-block-button\"><a class=\"wp-block-button__link wp-element-button\" href=\"https:\/\/klippert.wp2.zinzius.de\/startseite\/category\/medizintechnischegeraete\/handschuhhalter\/\">Handschuhhalter<\/a><\/div>\n<\/div>\n\n\n\n<p><\/p>\n","protected":false},"excerpt":{"rendered":"<p>Medizintechnische Ger\u00e4te f\u00fcr den Arzt- und Krankenhausbedarf Auf diesen Seiten bieten wir Ihnen medizintechnische Ger\u00e4te wie z. B. die folgenden an: Unser Sortiment medizintechnischer Produkte wird regelm\u00e4\u00dfig erweitert und \u00fcberarbeitet. Sollte jedoch einmal ein Produkt fehlen,\u00a0k\u00f6nnen uns aber auch jederzeit sehr gerne pers\u00f6nlich ansprechen. Bestellungen (und Anfragen) nehmen wir gerne wie folgt entgegen: Ein individuelles &hellip; <\/p>\n<p class=\"link-more\"><a href=\"https:\/\/klippert.wp2.zinzius.de\/startseite\/medizintechnischegeraete\/\" class=\"more-link\">Read more<span class=\"screen-reader-text\"> &#8220;Medizintechnische Ger\u00e4te&#8221;<\/span><\/a><\/p>\n","protected":false},"author":4,"featured_media":0,"parent":0,"menu_order":0,"comment_status":"closed","ping_status":"closed","template":"","meta":{"footnotes":""},"class_list":["post-150","page","type-page","status-publish","hentry"],"_links":{"self":[{"href":"https:\/\/klippert.wp2.zinzius.de\/startseite\/wp-json\/wp\/v2\/pages\/150","targetHints":{"allow":["GET"]}}],"collection":[{"href":"https:\/\/klippert.wp2.zinzius.de\/startseite\/wp-json\/wp\/v2\/pages"}],"about":[{"href":"https:\/\/klippert.wp2.zinzius.de\/startseite\/wp-json\/wp\/v2\/types\/page"}],"author":[{"embeddable":true,"href":"https:\/\/klippert.wp2.zinzius.de\/startseite\/wp-json\/wp\/v2\/users\/4"}],"replies":[{"embeddable":true,"href":"https:\/\/klippert.wp2.zinzius.de\/startseite\/wp-json\/wp\/v2\/comments?post=150"}],"version-history":[{"count":7,"href":"https:\/\/klippert.wp2.zinzius.de\/startseite\/wp-json\/wp\/v2\/pages\/150\/revisions"}],"predecessor-version":[{"id":999,"href":"https:\/\/klippert.wp2.zinzius.de\/startseite\/wp-json\/wp\/v2\/pages\/150\/revisions\/999"}],"wp:attachment":[{"href":"https:\/\/klippert.wp2.zinzius.de\/startseite\/wp-json\/wp\/v2\/media?parent=150"}],"curies":[{"name":"wp","href":"https:\/\/api.w.org\/{rel}","templated":true}]}}