{"id":2,"date":"2025-01-16T11:32:20","date_gmt":"2025-01-16T11:32:20","guid":{"rendered":"https:\/\/klippert.wp2.zinzius.de\/?page_id=2"},"modified":"2025-04-18T13:47:31","modified_gmt":"2025-04-18T13:47:31","slug":"sample-page","status":"publish","type":"page","link":"https:\/\/klippert.wp2.zinzius.de\/startseite\/sample-page\/","title":{"rendered":"Allgemeine Gesch\u00e4ftsbedingungen (AGB)"},"content":{"rendered":"\n<p>\u00a7 1 Geltungsbereich<\/p>\n\n\n\n<p>(1) Diese Verkaufsbedingungen gelten ausschlie\u00dflich gegen\u00fcber Unternehmern, juristischen Personen des \u00f6ffentlichen Rechts oder \u00f6ffentlich-rechtlichen Sonderverm\u00f6gen im Sinne von \u00a7 310 Absatz 1 BGB. Entgegenstehende oder von unseren Verkaufsbedingungen abweichende Bedingungen des Bestellers erkennen wir nur an, wenn wir ausdr\u00fccklich schriftlich der Geltung zustimmen.<\/p>\n\n\n\n<p>(2) Diese Verkaufsbedingungen gelten auch f\u00fcr alle zuk\u00fcnftigen Gesch\u00e4fte mit dem Besteller, soweit es sich um Rechtsgesch\u00e4fte verwandter Art handelt.<\/p>\n\n\n\n<p><br>\u00a7 2 Vertragsabschlu\u00df<\/p>\n\n\n\n<p>Ihre Bestellung stellt ein Angebot an die Firma Klippert Medizintechnik zum Abschluss eines Kaufvertrages dar.\u00a0<br>Der Vertrag mit Klippert Medizintechnik kommt erst dann zustande, wenn Klippert Medizintechnik Ihr Angebot annimmt.\u00a0<br>Sie werden ggf. telefonisch, i.d.R aber per Mail dar\u00fcber informiert. Sollten einzelne Produkte Ihrer Bestellung nicht vorr\u00e4tig sein, so werden Sie auch hier\u00fcber in Kenntnis gesetzt.\u00a0Die Zusendung Ihrer Bestellung erfolgt dann sobald als m\u00f6glich.<\/p>\n\n\n\n<p>Es werden keine Produkte an Minderj\u00e4hrige verkauft.<\/p>\n\n\n\n<p><br>\u00a7 3 Widerrufsbelehrung<\/p>\n\n\n\n<p>Widerrufsrecht<\/p>\n\n\n\n<p>Sie k\u00f6nnen Ihre Vertragserkl\u00e4rung innerhalb von einer Woche ohne Angabe von Gr\u00fcnden per Brief, E-Mail oder telefonisch widerrufen. Die Frist beginnt fr\u00fchestens mit Eingang der Ware und nicht vor Erhalt dieser Belehrung. Zur Wahrung der Widerrufsfrist gen\u00fcgt die rechtzeitige Absendung des Widerrufs.<\/p>\n\n\n\n<p>Eine R\u00fccksendung der Ware ist&nbsp;<strong>nur<\/strong>&nbsp;nach vorheriger R\u00fccksprache m\u00f6glich. Nehmen Sie bitte vorab Kontakt auf unter:<\/p>\n\n\n\n<p><a href=\"mailto:kontakt@klippert-medizintechnik.de\">kontakt@klippert-medizintechnik.de<\/a>&nbsp;bzw. Tel.: 06084 &#8211; 900797.<\/p>\n\n\n\n<p>Im Falle eines wirksamen Widerrufs sind die beiderseits empfangenen Leistungen zur\u00fcckzugew\u00e4hren und ggf. gezogene Nutzungen (z.B. f\u00fcr den Gebrauch der Sache eine Nutzungsgeb\u00fchr) herauszugeben. K\u00f6nnen Sie uns die empfangene Leistung ganz oder teilweise nicht oder nur in verschlechtertem Zustand zur\u00fcckgew\u00e4hren, m\u00fcssen Sie uns insoweit ggf. Wertersatz leisten. Bei der \u00dcberlassung von Sachen gilt dies nicht, wenn die Verschlechterung der Sache ausschlie\u00dflich auf deren Pr\u00fcfung &#8212; wie Sie Ihnen etwa im Ladengesch\u00e4ft m\u00f6glich gewesen w\u00e4re &#8212; zur\u00fcckzuf\u00fchren ist. Im \u00dcbrigen k\u00f6nnen Sie die Wertersatzpflicht vermeiden, indem Sie die Sache nicht wie Ihr Eigentum in Gebrauch nehmen und alles unterlassen, was deren Wert beeintr\u00e4chtigt. Paketversandf\u00e4hige Sachen sind zur\u00fcckzusenden. Sie haben die Kosten der R\u00fccksendung zu tragen, wenn die gelieferte Ware der bestellten entspricht. Verpflichtungen zur Erstattung von Zahlungen m\u00fcssen Sie innerhalb von 30 Tagen nach Absendung Ihrer Widerrufserkl\u00e4rung erf\u00fcllen.<\/p>\n\n\n\n<p>Ausschluss des Widerrufs<\/p>\n\n\n\n<p>Das Widerrufsrecht besteht nicht bei Fernabsatzvertr\u00e4gen zur Lieferung von Waren, die nach Kundenspezifikation angefertigt werden oder eindeutig auf die pers\u00f6nlichen Bed\u00fcrfnisse zugeschnitten sind oder die auf Grund ihrer Beschaffenheit nicht f\u00fcr eine R\u00fccksendung geeignet sind oder schnell verderben k\u00f6nnen oder deren Verfalldatum \u00fcberschritten w\u00fcrde.&nbsp;<strong>Bereits benutzte Produkte sind ebenfalls vom Widerruf ausgeschlossen<\/strong>.<\/p>\n\n\n\n<p><br>\u00a7 4 Freiwillige R\u00fccknahmegarantie (bis zu 8 Tage) f\u00fcr bestimmte Produkte<\/p>\n\n\n\n<p>Unabh\u00e4ngig von den Ihnen gesetzlich zustehenden Rechten bieten wir Ihnen die folgende freiwillige R\u00fccknahmegarantie an: S\u00e4mtliche Produkte, die noch original verpackt&nbsp;<strong>und nicht benutzt sind<\/strong>, k\u00f6nnen Sie innerhalb von 8 Tagen ab Erhalt der Ware an uns zur\u00fccksenden, sofern die Ware vollst\u00e4ndig ist und sich in ungebrauchtem und unbesch\u00e4digtem Zustand befindet. F\u00fcr eingeschwei\u00dfte und bzw. oder versiegelte Ware bedeutet dies, dass wir die Ware nur in der unge\u00f6ffneten Einschwei\u00dffolie zur\u00fccknehmen.<\/p>\n\n\n\n<p>Die Ware ist erst&nbsp;<strong>nach R\u00fccksprache<\/strong>&nbsp;zur\u00fcckzuschicken. Nehmen Sie dazu bitte Kontakt auf unter:<\/p>\n\n\n\n<p><a href=\"mailto:kontakt@klippert-medizintechnik.de\">kontakt@klippert-medizintechnik.de<\/a>&nbsp;oder Tel.: 06084 &#8211; 900797.<\/p>\n\n\n\n<p><br>Im Falle einer R\u00fccksendung unter Beachtung der oben im vorliegenden \u00a7 4 genannten Bedingungen erstatten wir Ihnen den von Ihnen schon geleisteten Kaufpreis, nicht jedoch die Versandkosten. Sie tragen die Transportgefahr. Diese R\u00fccknahmegarantie beschr\u00e4nkt nicht Ihre gesetzlichen Rechte und somit auch nicht Ihr Widerrufsrecht nach \u00a7 3 der vorliegenden AGB.<\/p>\n\n\n\n<p><strong>Bei R\u00fccksendungen ohne vorherige R\u00fccksprache wird Ihnen der komplette Kaufpreis (plus Versandkosten)&nbsp;in Rechnung gestellt.<\/strong><\/p>\n\n\n\n<p>Ein Widerrufs- und R\u00fcckgaberecht besteht nicht und Sie k\u00f6nnen den mit uns geschlossenen Vertrag nicht widerrufen bei folgenden Vertr\u00e4gen:<\/p>\n\n\n\n<p>Vertr\u00e4ge zur Lieferung von Waren, die nicht vorgefertigt sind und f\u00fcr deren Herstellung eine individuelle Auswahl oder Bestimmung durch den Verbraucher ma\u00dfgeblich ist oder die eindeutig auf die pers\u00f6nlichen Bed\u00fcrfnisse des Verbrauchers zugeschnitten sind.<br>Vertr\u00e4ge zur Lieferung versiegelter Waren, die aus Gr\u00fcnden des Gesundheitsschutzes oder der Hygiene nicht zur R\u00fcckgabe geeignet sind, wenn ihre Versiegelung nach der Lieferung entfernt wurde.<br>Es ist unabdingbar, dass Sie in solchen F\u00e4llen zun\u00e4chst Kontakt mit uns aufnehmen. Sollten Sie Waren ohne vorherige R\u00fccksprache mit uns zur\u00fcck schicken, so sehen wir uns gezwungen, Ihnen die Ware inkl. anfallender Versandkosten in Rechnung zu stellen.<\/p>\n\n\n\n<p><br>\u00a7 5 Lieferung<\/p>\n\n\n\n<p>Sofern nicht anders vereinbart, erfolgt die Lieferung an die vom Besteller angegebene Lieferadresse. Angaben \u00fcber die Lieferfrist sind unverbindlich, soweit nicht ausnahmsweise der Liefertermin verbindlich zugesagt wurde.<br>Falls wir ohne eigenes Verschulden zur Lieferung der bestellten Ware nicht in der Lage ist, weil unser Lieferant seine vertraglichen Verpflichtungen nicht erf\u00fcllt, sind wir dem Besteller gegen\u00fcber zum R\u00fccktritt berechtigt. In diesem Fall wird der Besteller unverz\u00fcglich dar\u00fcber informiert, dass das bestellte Produkt nicht zur Verf\u00fcgung steht. Die gesetzlichen Anspr\u00fcche des Bestellers bleiben unber\u00fchrt.<br>Soweit eine Lieferung an den Besteller nicht m\u00f6glich ist, weil die gelieferte Ware nicht durch die Eingangst\u00fcr, Haust\u00fcr oder den Treppenaufgang des Bestellers passt oder weil der Besteller nicht unter der von ihm angegebenen Lieferadresse angetroffen wird, obwohl der Lieferzeitpunkt dem Besteller mit angemessener Frist angek\u00fcndigt wurde, tr\u00e4gt der Besteller die Kosten f\u00fcr die erfolglose Anlieferung.<\/p>\n\n\n\n<p><br>\u00a7 6 Preise und Zahlungen<\/p>\n\n\n\n<p>(1) Sofern nichts Gegenteiliges schriftlich vereinbart wird, gelten unsere Preise ab Werk ausschlie\u00dflich Verpackung. Mehrwertsteuer in jeweils g\u00fcltiger H\u00f6he ist bereits enthalten. Kosten der Verpackung werden gesondert in Rechnung gestellt.<\/p>\n\n\n\n<p>(2) Die Zahlung des Kaufpreises hat ausschlie\u00dflich auf das genannte Konto zu erfolgen. Der Abzug von Skonto ist nur bei besonderer Vereinbarung zul\u00e4ssig.<\/p>\n\n\n\n<p>(3) Sofern nichts anderes vereinbart wird, ist der Kaufpreis sofort rein netto bzw. nach entsprechender Absprache zahlbar.<\/p>\n\n\n\n<p>(4) Sofern keine Festpreisabrede getroffen wurde, bleiben angemessene Preis\u00e4nderungen wegen ver\u00e4nderter Lohn-, Material- und Vertriebskosten f\u00fcr Lieferungen, die 3 Monate oder sp\u00e4ter nach Vertragsabschluss erfolgen, vorbehalten.<\/p>\n\n\n\n<p><br>\u00a7 7 Aufrechnung und Zur\u00fcckbehaltungsrechte<\/p>\n\n\n\n<p>Dem Besteller steht das Recht zur Aufrechnung nur zu wenn seine Gegenanspr\u00fcche rechtskr\u00e4ftig festgestellt oder unbestritten sind.&nbsp;<br>Zur Aus\u00fcbung eines Zur\u00fcckbehaltungsrechts ist der Besteller nur insoweit befugt als sein Gegenanspruch auf dem gleichen Vertragsverh\u00e4ltnis beruht.<\/p>\n\n\n\n<p><br>\u00a7 8 Gefahr\u00fcbergang bei Verwendung<\/p>\n\n\n\n<p>Wird die Ware auf Wunsch des Bestellers an diesen versandt, so geht mit der Absendung an den Besteller, sp\u00e4testens mit Verlassen des Werks \/ Lagers die Gefahr des zuf\u00e4lligen Untergangs oder der zuf\u00e4lligen Verschlechterung der Ware auf den Besteller \u00fcber.&nbsp;<br>Dies gilt unabh\u00e4ngig davon, ob die Versendung der Ware vom Erf\u00fcllungsort erfolgt oder wer die Frachtkosten tr\u00e4gt.<\/p>\n\n\n\n<p>\u00a7 9 Eigentumsvorbehalt<\/p>\n\n\n\n<p>(1) Wir behalten uns das Eigentum an der gelieferten Sache bis zur vollst\u00e4ndigen Zahlung s\u00e4mtlicher Forderungen aus dem Liefervertrag vor. Dies gilt auch f\u00fcr alle zuk\u00fcnftigen Lieferungen, auch wenn wir uns nicht stets ausdr\u00fccklich hierauf berufen. Wir sind berechtigt, die Kaufsache zur\u00fcckzunehmen, wenn der Besteller sich vertragswidrig verh\u00e4lt.<\/p>\n\n\n\n<p>(2) Der Besteller ist verpflichtet, solange das Eigentum noch nicht auf ihn \u00fcbergegangen ist, die Kaufsache pfleglich zu behandeln.<\/p>\n\n\n\n<p>\u00a7 10 Gew\u00e4hrleistung und M\u00e4ngelr\u00fcge sowie R\u00fcckgriff \/ Herstellerregress<\/p>\n\n\n\n<p>(1) Gew\u00e4hrleistungsrechte des Bestellers setzen voraus, dass dieser seinen nach \u00a7 377 HGB geschuldeten Untersuchungs- und R\u00fcgeobliegenheiten ordnungsgem\u00e4\u00df nachgekommen ist.<\/p>\n\n\n\n<p>(2) M\u00e4ngelanspr\u00fcche verj\u00e4hren in 12 Monaten nach erfolgter Ablieferung der von uns gelieferten Ware bei unserem Besteller (Hinweis: bei dem Verkauf gebrauchter G\u00fcter kann die Gew\u00e4hrleistungsfrist ganz ausgeschlossen werden). Vorstehende Bestimmungen gelten nicht, soweit das Gesetz gem\u00e4\u00df \u00a7 438 Abs. 1 Nr. 2 BGB (Bauwerke und Sachen f\u00fcr Bauwerke), \u00a7 479 Absatz 1 BGB (R\u00fcckgriffsanspruch) und \u00a7 634a Absatz 1 BGB (Baum\u00e4ngel) l\u00e4ngere Fristen zwingend vorschreibt. Vor etwaiger R\u00fccksendung der Ware ist unsere Zustimmung einzuholen.<\/p>\n\n\n\n<p>(3) Sollte trotz aller aufgewendeter Sorgfalt die gelieferte Ware einen Mangel aufweisen, der bereits zum Zeitpunkt des Gefahr\u00fcbergangs vorlag, so werden wir die Ware, vorbehaltlich fristgerechter M\u00e4ngelr\u00fcge nach unserer Wahl nachbessern oder Ersatzware liefern. Es ist uns stets Gelegenheit zur Nacherf\u00fcllung innerhalb angemessener Frist zu geben. R\u00fcckgriffsanspr\u00fcche bleiben von vorstehender Regelung ohne Einschr\u00e4nkung unber\u00fchrt.<\/p>\n\n\n\n<p>(4) Schl\u00e4gt die Nacherf\u00fcllung fehl, kann der Besteller \u2013 unbeschadet etwaiger Schadensersatzanspr\u00fcche \u2013 vom Vertrag zur\u00fccktreten oder die Verg\u00fctung mindern.<\/p>\n\n\n\n<p>(5) M\u00e4ngelanspr\u00fcche bestehen nicht bei nur unerheblicher Abweichung von der vereinbarten Beschaffenheit, bei nur unerheblicher Beeintr\u00e4chtigung der Brauchbarkeit, bei nat\u00fcrlicher Abnutzung oder Verschlei\u00df wie bei Sch\u00e4den, die nach dem Gefahr\u00fcbergang infolge fehlerhafter oder nachl\u00e4ssiger Behandlung, \u00fcberm\u00e4\u00dfiger Beanspruchung, ungeeigneter Betriebsmittel, mangelhafter Bauarbeiten, ungeeigneten Baugrundes oder aufgrund besonderer \u00e4u\u00dferer Einfl\u00fcsse entstehen, die nach dem Vertrag nicht vorausgesetzt sind. Werden vom Besteller oder Dritten unsachgem\u00e4\u00df Instandsetzungsarbeiten oder \u00c4nderungen vorgenommen, so bestehen f\u00fcr diese und die daraus entstehenden Folgen ebenfalls keine M\u00e4ngelanspr\u00fcche.<\/p>\n\n\n\n<p>(6) Anspr\u00fcche des Bestellers wegen der zum Zweck der Nacherf\u00fcllung erforderlichen Aufwendungen, insbesondere Transport-, Wege-, Arbeits- und Materialkosten, sind ausgeschlossen, soweit die Aufwendungen sich erh\u00f6hen, weil die von uns gelieferte Ware nachtr\u00e4glich an einen anderen Ort als die Niederlassung des Bestellers verbracht worden ist, es sei denn, die Verbringung entspricht ihrem bestimmungsgem\u00e4\u00dfen Gebrauch.<\/p>\n\n\n\n<p>(7) R\u00fcckgriffsanspr\u00fcche des Bestellers gegen uns bestehen nur insoweit, als der Besteller mit seinem Abnehmer keine \u00fcber die gesetzlich zwingenden M\u00e4ngelanspr\u00fcche hinausgehenden Vereinbarungen getroffen hat. F\u00fcr den Umfang des R\u00fcckgriffsanspruches des Bestellers gegen den Lieferer gilt ferner Absatz 6 entsprechend.<\/p>\n","protected":false},"excerpt":{"rendered":"<p>\u00a7 1 Geltungsbereich (1) Diese Verkaufsbedingungen gelten ausschlie\u00dflich gegen\u00fcber Unternehmern, juristischen Personen des \u00f6ffentlichen Rechts oder \u00f6ffentlich-rechtlichen Sonderverm\u00f6gen im Sinne von \u00a7 310 Absatz 1 BGB. Entgegenstehende oder von unseren Verkaufsbedingungen abweichende Bedingungen des Bestellers erkennen wir nur an, wenn wir ausdr\u00fccklich schriftlich der Geltung zustimmen. (2) Diese Verkaufsbedingungen gelten auch f\u00fcr alle zuk\u00fcnftigen Gesch\u00e4fte &hellip; <\/p>\n<p class=\"link-more\"><a href=\"https:\/\/klippert.wp2.zinzius.de\/startseite\/sample-page\/\" class=\"more-link\">Read more<span class=\"screen-reader-text\"> &#8220;Allgemeine Gesch\u00e4ftsbedingungen (AGB)&#8221;<\/span><\/a><\/p>\n","protected":false},"author":1,"featured_media":0,"parent":0,"menu_order":0,"comment_status":"closed","ping_status":"open","template":"","meta":{"footnotes":""},"class_list":["post-2","page","type-page","status-publish","hentry"],"_links":{"self":[{"href":"https:\/\/klippert.wp2.zinzius.de\/startseite\/wp-json\/wp\/v2\/pages\/2","targetHints":{"allow":["GET"]}}],"collection":[{"href":"https:\/\/klippert.wp2.zinzius.de\/startseite\/wp-json\/wp\/v2\/pages"}],"about":[{"href":"https:\/\/klippert.wp2.zinzius.de\/startseite\/wp-json\/wp\/v2\/types\/page"}],"author":[{"embeddable":true,"href":"https:\/\/klippert.wp2.zinzius.de\/startseite\/wp-json\/wp\/v2\/users\/1"}],"replies":[{"embeddable":true,"href":"https:\/\/klippert.wp2.zinzius.de\/startseite\/wp-json\/wp\/v2\/comments?post=2"}],"version-history":[{"count":4,"href":"https:\/\/klippert.wp2.zinzius.de\/startseite\/wp-json\/wp\/v2\/pages\/2\/revisions"}],"predecessor-version":[{"id":991,"href":"https:\/\/klippert.wp2.zinzius.de\/startseite\/wp-json\/wp\/v2\/pages\/2\/revisions\/991"}],"wp:attachment":[{"href":"https:\/\/klippert.wp2.zinzius.de\/startseite\/wp-json\/wp\/v2\/media?parent=2"}],"curies":[{"name":"wp","href":"https:\/\/api.w.org\/{rel}","templated":true}]}}