{"id":304,"date":"2024-12-19T16:26:30","date_gmt":"2024-12-19T16:26:30","guid":{"rendered":"http:\/\/erwine1.sg-host.com\/?page_id=304"},"modified":"2025-04-18T14:12:58","modified_gmt":"2025-04-18T14:12:58","slug":"rund-um-den-sauerstoff","status":"publish","type":"page","link":"https:\/\/klippert.wp2.zinzius.de\/startseite\/rund-um-den-sauerstoff\/","title":{"rendered":"Rund um den Sauerstoff"},"content":{"rendered":"\n<h2 class=\"wp-block-heading has-neve-link-hover-color-color has-text-color has-link-color wp-elements-951a1a8da3a40ce3a00592e7d8b28ff1\">Sauerstoffkonzentrator und medizinischer Sauerstoff<\/h2>\n\n\n\n<p>In dieser Rubrik finden Sie unser Produktangebot rund um den&nbsp;<strong>Sauerstoffkonzentrator<\/strong> sowie weitere<strong>&nbsp;Produkte zum Thema Sauerstoff<\/strong>.<\/p>\n\n\n\n<div class=\"wp-block-columns is-layout-flex wp-container-core-columns-is-layout-28f84493 wp-block-columns-is-layout-flex\">\n<div class=\"wp-block-column is-layout-flow wp-block-column-is-layout-flow\" style=\"flex-basis:66.66%\">\n<p>Als Fachbetrieb mit jahrzehntelanger Erfahrung sind wir vor allem&nbsp;<strong>kompetenter Anbieter<\/strong>&nbsp;aller Produkte rund um den Sauerstoffkonzentrator, wie z.B. Druckminderer, Sauerstoffmasken, Schl\u00e4uche, Sauerstoffflaschen oder sonstiges Zubeh\u00f6r. Unsere St\u00e4rke liegt in der individuellen Beratung, basierend auf den langj\u00e4hrigen Erfahrungen aus Kundengespr\u00e4chen. Wir kennen die therapeutischen Bedingungen einer Sauerstofftherapie und finden mit Ihnen gemeinsam das f\u00fcr Sie geeignete Sauerstoffger\u00e4t.<\/p>\n\n\n\n<p><strong>Wir bieten:<\/strong><\/p>\n\n\n\n<ul class=\"wp-block-list\">\n<li><strong>Verkauf von Sauerstoffkonzentratoren<\/strong>,<strong> mobilen Sauerstoffger\u00e4ten<\/strong> und entsprechendem <strong>Zubeh\u00f6r, wie Sauerstoffflaschen, Druckminderer, Flaschenwagen und Flaschenm\u00e4ntel.<\/strong><br>Bei uns werden Sie fachm\u00e4nnisch beraten und finden garantiert den f\u00fcr Ihre Bed\u00fcrfnisse passenden Sauerstoffkonzentrator &#8211; zu besonders g\u00fcnstigen Preisen.\u00a0<\/li>\n\n\n\n<li><strong>Verkauf von Fl\u00fcssigsauerstoffsystemen.&nbsp;<\/strong>Zus\u00e4tzlich vermitteln wir deutschlandweit die Versorgung bzw. Belieferung von Fl\u00fcssig-Sauerstoff. Bef\u00fcllung in Leihtanks (Mietservice).<\/li>\n\n\n\n<li><strong>Wartung und Reparatur Ihres Sauerstoffkonzentrators<\/strong>\u00a0&#8211; Wir vermitteln die Wartung oder Reparatur Ihres Sauerstoffkonzentrators.\u00a0Alle Modelle, g\u00fcnstig, deutschlandweit. <\/li>\n<\/ul>\n<\/div>\n\n\n\n<div class=\"wp-block-column is-layout-flow wp-block-column-is-layout-flow\" style=\"flex-basis:33.33%\">\n<figure class=\"wp-block-image size-large\"><img loading=\"lazy\" decoding=\"async\" width=\"758\" height=\"1024\" src=\"https:\/\/klippert.wp2.zinzius.de\/wp-content\/uploads\/2024\/12\/Precise_6000-758x1024.jpg\" alt=\"\" class=\"wp-image-279\" srcset=\"https:\/\/klippert.wp2.zinzius.de\/wp-content\/uploads\/2024\/12\/Precise_6000-758x1024.jpg 758w, https:\/\/klippert.wp2.zinzius.de\/wp-content\/uploads\/2024\/12\/Precise_6000-222x300.jpg 222w, https:\/\/klippert.wp2.zinzius.de\/wp-content\/uploads\/2024\/12\/Precise_6000-768x1038.jpg 768w, https:\/\/klippert.wp2.zinzius.de\/wp-content\/uploads\/2024\/12\/Precise_6000.jpg 1049w\" sizes=\"auto, (max-width: 758px) 100vw, 758px\" \/><\/figure>\n<\/div>\n<\/div>\n\n\n\n<h2 class=\"wp-block-heading has-neve-link-color-color has-text-color has-link-color wp-elements-987926efda2638c5d78666e11a8404d2\">Was ist ein Sauerstoffkonzentrator eigentlich?<\/h2>\n\n\n\n<p>Ein Sauerstoffkonzentrator ist ein Ger\u00e4t, das \u00fcber eine Filtermembran aus der Umgebungsluft Sauerstoff gewinnt.\u00a0<br>Er wird in der Medizin bei Patienten eingesetzt, die regelm\u00e4\u00dfig auf Sauerstoffgaben angewiesen sind (Sauerstoff-Langzeittherapie).\u00a0<br>Daneben kommt noch der Einsatz von Fl\u00fcssigsauerstoff und besonders in der Notfallbehandlung auch Sauerstoff in Druckluftflaschen zur Anwendung. Patienten, die krankheitsbedingt auf eine regelm\u00e4\u00dfige Sauerstoff-Zufuhr angewiesen sind, k\u00f6nnen mit dem Sauerstoffkonzentrator den notwendigen Sauerstoff erzeugen und sind somit nicht auf Druckgasflaschen oder Fl\u00fcssigsauerstoff-Systeme angewiesen. (Quelle: Wikipedia)<\/p>\n\n\n\n<p>Die&nbsp;<strong>mobile Alternative<\/strong>&nbsp;zum Sauerstoffkonzentrator:<\/p>\n\n\n\n<p>Insbesondere mobile Sauerstoffger\u00e4te erleichtern dem Patienten den Alltag. Patienten, die nicht auf Ihre Mobilit\u00e4t verzichten m\u00f6chten oder k\u00f6nnen oder aber auch nur f\u00fcr Notf\u00e4lle auf eine entsprechende Versorgung vorbereitet sein m\u00f6chten, haben die M\u00f6glichkeit, sich mit einem mobilen Sauerstoffger\u00e4t den n\u00f6tigen Freiraum zu verschaffen. Die kleinen mobilen Sauerstoffger\u00e4te sind so leicht und klein, dass man sie problemlos \u00fcberall mitnehmen kann.<\/p>\n\n\n\n<p><strong>Sie finden alles rund um den Sauerstoff in folgenden Kategorien:<\/strong><\/p>\n\n\n\n<div class=\"wp-block-buttons is-layout-flex wp-block-buttons-is-layout-flex\">\n<div class=\"wp-block-button\"><a class=\"wp-block-button__link wp-element-button\" href=\"https:\/\/klippert.wp2.zinzius.de\/startseite\/category\/allesauerstoff\/mobilesauerstoff\/\">Mobile Sauerstoff<\/a><\/div>\n<\/div>\n\n\n\n<div class=\"wp-block-buttons is-layout-flex wp-block-buttons-is-layout-flex\">\n<div class=\"wp-block-button\"><a class=\"wp-block-button__link wp-element-button\" href=\"https:\/\/klippert.wp2.zinzius.de\/startseite\/category\/allesauerstoff\/sauerstoffkonzentratoren\/\">Sauerstoffkonzentratoren<\/a><\/div>\n<\/div>\n\n\n\n<div class=\"wp-block-buttons is-layout-flex wp-block-buttons-is-layout-flex\">\n<div class=\"wp-block-button\"><a class=\"wp-block-button__link wp-element-button\" href=\"https:\/\/klippert.wp2.zinzius.de\/startseite\/category\/allesauerstoff\/inhalationsgerate\/\">Inhalationsger\u00e4te<\/a><\/div>\n<\/div>\n\n\n\n<div class=\"wp-block-buttons is-layout-flex wp-block-buttons-is-layout-flex\">\n<div class=\"wp-block-button\"><a class=\"wp-block-button__link wp-element-button\" href=\"https:\/\/klippert.wp2.zinzius.de\/startseite\/category\/allesauerstoff\/sauerstoff-spar\/\">Sauerstoff Sparsysteme<\/a><\/div>\n<\/div>\n\n\n\n<div class=\"wp-block-buttons is-layout-flex wp-block-buttons-is-layout-flex\">\n<div class=\"wp-block-button\"><a class=\"wp-block-button__link wp-element-button\" href=\"https:\/\/klippert.wp2.zinzius.de\/startseite\/category\/allesauerstoff\/statsauerstoff\/\">Station\u00e4re Sauerstoffsysteme<\/a><\/div>\n<\/div>\n\n\n\n<div class=\"wp-block-buttons is-layout-flex wp-block-buttons-is-layout-flex\">\n<div class=\"wp-block-button\"><a class=\"wp-block-button__link wp-element-button\" href=\"https:\/\/klippert.wp2.zinzius.de\/startseite\/category\/allesauerstoff\/mobile-sauerstoffsysteme\/\">Mobile Sauerstoffsysteme<\/a><\/div>\n<\/div>\n\n\n\n<div class=\"wp-block-buttons is-layout-flex wp-block-buttons-is-layout-flex\">\n<div class=\"wp-block-button\"><a class=\"wp-block-button__link wp-element-button\" href=\"https:\/\/klippert.wp2.zinzius.de\/startseite\/category\/allesauerstoff\/druckminderer\/\">Druckminderer<\/a><\/div>\n<\/div>\n\n\n\n<div class=\"wp-block-buttons is-layout-flex wp-block-buttons-is-layout-flex\">\n<div class=\"wp-block-button\"><a class=\"wp-block-button__link wp-element-button\" href=\"https:\/\/klippert.wp2.zinzius.de\/startseite\/2025\/03\/05\/sauerstoff-flaschen-zubehor\/\">Sauerstoff-Flaschen \/ Zubeh\u00f6r<\/a><\/div>\n<\/div>\n\n\n\n<div class=\"wp-block-buttons is-layout-flex wp-block-buttons-is-layout-flex\">\n<div class=\"wp-block-button\"><a class=\"wp-block-button__link wp-element-button\" href=\"https:\/\/klippert.wp2.zinzius.de\/startseite\/pulsoximeter\/\">Pulsoximeter<\/a><\/div>\n<\/div>\n\n\n\n<div class=\"wp-block-buttons is-layout-flex wp-block-buttons-is-layout-flex\">\n<div class=\"wp-block-button\"><a class=\"wp-block-button__link wp-element-button\" href=\"https:\/\/klippert.wp2.zinzius.de\/startseite\/category\/allesauerstoff\/sauerstoffmonitor\/\">Sauerstoffmonitor<\/a><\/div>\n<\/div>\n\n\n\n<div class=\"wp-block-buttons is-layout-flex wp-block-buttons-is-layout-flex\">\n<div class=\"wp-block-button\"><a class=\"wp-block-button__link wp-element-button\" href=\"https:\/\/klippert.wp2.zinzius.de\/startseite\/category\/allesauerstoff\/flaschenfahrgestelle\/\">Flaschenfahrgestelle<\/a><\/div>\n<\/div>\n\n\n\n<div class=\"wp-block-buttons is-layout-flex wp-block-buttons-is-layout-flex\">\n<div class=\"wp-block-button\"><a class=\"wp-block-button__link wp-element-button\" href=\"https:\/\/klippert.wp2.zinzius.de\/startseite\/category\/allesauerstoff\/flaschenmantel\/\">Flaschenmantel<\/a><\/div>\n<\/div>\n\n\n\n<p><\/p>\n","protected":false},"excerpt":{"rendered":"<p>Sauerstoffkonzentrator und medizinischer Sauerstoff In dieser Rubrik finden Sie unser Produktangebot rund um den&nbsp;Sauerstoffkonzentrator sowie weitere&nbsp;Produkte zum Thema Sauerstoff. Als Fachbetrieb mit jahrzehntelanger Erfahrung sind wir vor allem&nbsp;kompetenter Anbieter&nbsp;aller Produkte rund um den Sauerstoffkonzentrator, wie z.B. Druckminderer, Sauerstoffmasken, Schl\u00e4uche, Sauerstoffflaschen oder sonstiges Zubeh\u00f6r. Unsere St\u00e4rke liegt in der individuellen Beratung, basierend auf den langj\u00e4hrigen Erfahrungen &hellip; <\/p>\n<p class=\"link-more\"><a href=\"https:\/\/klippert.wp2.zinzius.de\/startseite\/rund-um-den-sauerstoff\/\" class=\"more-link\">Read more<span class=\"screen-reader-text\"> &#8220;Rund um den Sauerstoff&#8221;<\/span><\/a><\/p>\n","protected":false},"author":4,"featured_media":0,"parent":0,"menu_order":0,"comment_status":"closed","ping_status":"closed","template":"","meta":{"footnotes":""},"class_list":["post-304","page","type-page","status-publish","hentry"],"_links":{"self":[{"href":"https:\/\/klippert.wp2.zinzius.de\/startseite\/wp-json\/wp\/v2\/pages\/304","targetHints":{"allow":["GET"]}}],"collection":[{"href":"https:\/\/klippert.wp2.zinzius.de\/startseite\/wp-json\/wp\/v2\/pages"}],"about":[{"href":"https:\/\/klippert.wp2.zinzius.de\/startseite\/wp-json\/wp\/v2\/types\/page"}],"author":[{"embeddable":true,"href":"https:\/\/klippert.wp2.zinzius.de\/startseite\/wp-json\/wp\/v2\/users\/4"}],"replies":[{"embeddable":true,"href":"https:\/\/klippert.wp2.zinzius.de\/startseite\/wp-json\/wp\/v2\/comments?post=304"}],"version-history":[{"count":10,"href":"https:\/\/klippert.wp2.zinzius.de\/startseite\/wp-json\/wp\/v2\/pages\/304\/revisions"}],"predecessor-version":[{"id":996,"href":"https:\/\/klippert.wp2.zinzius.de\/startseite\/wp-json\/wp\/v2\/pages\/304\/revisions\/996"}],"wp:attachment":[{"href":"https:\/\/klippert.wp2.zinzius.de\/startseite\/wp-json\/wp\/v2\/media?parent=304"}],"curies":[{"name":"wp","href":"https:\/\/api.w.org\/{rel}","templated":true}]}}