{"id":483,"date":"2024-12-29T17:41:09","date_gmt":"2024-12-29T17:41:09","guid":{"rendered":"http:\/\/erwine1.sg-host.com\/?page_id=483"},"modified":"2025-03-15T17:24:35","modified_gmt":"2025-03-15T17:24:35","slug":"laborartikel","status":"publish","type":"page","link":"https:\/\/klippert.wp2.zinzius.de\/startseite\/laborartikel\/","title":{"rendered":"Laborartikel"},"content":{"rendered":"\n<h2 class=\"wp-block-heading\">Artikel f\u00fcr den Laborbedarf.<\/h2>\n\n\n\n<p>Wir stellen h\u00f6chste Anspr\u00fcche, nicht nur an die Qualit\u00e4t unserer Produkte, sondern auch an unseren Service. Da wir jedoch von unseren Lieferanten f\u00fcr Laborartikel keine zuverl\u00e4ssigen Aussagen mehr zu Preisen und Lieferzeiten erhalten haben, konnten wir diesen Anspr\u00fcchen nicht mehr gerecht werden. Daher haben wir die Zusammenarbeit gek\u00fcndigt und unsere Laborartikel von der Website genommen.<\/p>\n\n\n\n<p>Sobald wir einen zuverl\u00e4ssigen Lieferanten f\u00fcr Laborartikel gefunden haben, werden Sie an dieser Stelle unser neues Produktangebot finden.<\/p>\n\n\n\n<figure class=\"wp-block-image aligncenter size-full is-resized\"><img loading=\"lazy\" decoding=\"async\" width=\"500\" height=\"211\" src=\"https:\/\/klippert.wp2.zinzius.de\/wp-content\/uploads\/2024\/12\/Laborstart.jpg\" alt=\"\" class=\"wp-image-276\" style=\"width:998px;height:auto\" srcset=\"https:\/\/klippert.wp2.zinzius.de\/wp-content\/uploads\/2024\/12\/Laborstart.jpg 500w, https:\/\/klippert.wp2.zinzius.de\/wp-content\/uploads\/2024\/12\/Laborstart-300x127.jpg 300w\" sizes=\"auto, (max-width: 500px) 100vw, 500px\" \/><\/figure>\n\n\n\n<p><\/p>\n","protected":false},"excerpt":{"rendered":"<p>Artikel f\u00fcr den Laborbedarf. Wir stellen h\u00f6chste Anspr\u00fcche, nicht nur an die Qualit\u00e4t unserer Produkte, sondern auch an unseren Service. Da wir jedoch von unseren Lieferanten f\u00fcr Laborartikel keine zuverl\u00e4ssigen Aussagen mehr zu Preisen und Lieferzeiten erhalten haben, konnten wir diesen Anspr\u00fcchen nicht mehr gerecht werden. Daher haben wir die Zusammenarbeit gek\u00fcndigt und unsere Laborartikel &hellip; <\/p>\n<p class=\"link-more\"><a href=\"https:\/\/klippert.wp2.zinzius.de\/startseite\/laborartikel\/\" class=\"more-link\">Read more<span class=\"screen-reader-text\"> &#8220;Laborartikel&#8221;<\/span><\/a><\/p>\n","protected":false},"author":4,"featured_media":0,"parent":0,"menu_order":0,"comment_status":"closed","ping_status":"closed","template":"","meta":{"footnotes":""},"class_list":["post-483","page","type-page","status-publish","hentry"],"_links":{"self":[{"href":"https:\/\/klippert.wp2.zinzius.de\/startseite\/wp-json\/wp\/v2\/pages\/483","targetHints":{"allow":["GET"]}}],"collection":[{"href":"https:\/\/klippert.wp2.zinzius.de\/startseite\/wp-json\/wp\/v2\/pages"}],"about":[{"href":"https:\/\/klippert.wp2.zinzius.de\/startseite\/wp-json\/wp\/v2\/types\/page"}],"author":[{"embeddable":true,"href":"https:\/\/klippert.wp2.zinzius.de\/startseite\/wp-json\/wp\/v2\/users\/4"}],"replies":[{"embeddable":true,"href":"https:\/\/klippert.wp2.zinzius.de\/startseite\/wp-json\/wp\/v2\/comments?post=483"}],"version-history":[{"count":1,"href":"https:\/\/klippert.wp2.zinzius.de\/startseite\/wp-json\/wp\/v2\/pages\/483\/revisions"}],"predecessor-version":[{"id":810,"href":"https:\/\/klippert.wp2.zinzius.de\/startseite\/wp-json\/wp\/v2\/pages\/483\/revisions\/810"}],"wp:attachment":[{"href":"https:\/\/klippert.wp2.zinzius.de\/startseite\/wp-json\/wp\/v2\/media?parent=483"}],"curies":[{"name":"wp","href":"https:\/\/api.w.org\/{rel}","templated":true}]}}