{"id":532,"date":"2025-02-18T14:15:27","date_gmt":"2025-02-18T14:15:27","guid":{"rendered":"https:\/\/klippert.wp2.zinzius.de\/startseite\/?page_id=532"},"modified":"2025-04-18T10:36:26","modified_gmt":"2025-04-18T10:36:26","slug":"kontaktformular","status":"publish","type":"page","link":"https:\/\/klippert.wp2.zinzius.de\/startseite\/kontaktformular\/","title":{"rendered":"Kontaktformular"},"content":{"rendered":"\n<p><strong>Unsere Kontaktdaten:<\/strong><\/p>\n\n\n\n<p>Klippert Medizintechnik e.K.<\/p>\n\n\n\n<p>Regina Emondt<br>Am Arnsgraben 18<br>61389 Schmitten<br>Tel.: 06084 &#8211; 900797<br>Fax: 03212 &#8211; 1158712<\/p>\n\n\n\n<p><strong>Sie m\u00f6chten mehr \u00fcber eines unserer Produkte erfahren oder ben\u00f6tigen Beratung&nbsp;<br>bei der Auswahl des f\u00fcr Sie geeigneten Produktes?<\/strong><\/p>\n\n\n\n<p>Dann freuen wir uns auf Ihre Anfrage &#8211; telefonisch, per Mail oder per Kontaktformular.<\/p>\n\n\n\n<p>Gerne beraten wir Sie oder erstellen ein individuelles Angebot.<\/p>\n\n\n\n<p><strong>Sie m\u00f6chten eine Bestellung aufgeben?<\/strong><br>Diese\u00a0nehmen wir auch gerne per\u00a0<strong><a href=\"mailto:kontakt@klippert-medizintechnik.de\" target=\"_blank\" rel=\"noreferrer noopener\">Mail<\/a><\/strong> entgegen.<\/p>\n\n\n\n<p>Wir weisen darauf hin, dass&nbsp;<strong>unser Internet-Angebot lediglich eine Produkt\u00fcbersicht darstellt&nbsp;und kein Web-Shop ist<\/strong>.<\/p>\n\n\n\n<p><strong>Wir m\u00f6chten Sie bitten, den untenstehenden Sicherheitscode einzugeben.&nbsp;<\/strong><br><strong>Ohne diesen kann das Formular nicht abgesendet werden. Vielen Dank!<\/strong><\/p>\n\n\n<div class=\"wpforms-container wpforms-container-full wpforms-block wpforms-block-bac07f1c-d57e-4ede-9043-3d866a9d653b wpforms-render-modern\" id=\"wpforms-521\"><form id=\"wpforms-form-521\" class=\"wpforms-validate wpforms-form wpforms-ajax-form\" data-formid=\"521\" method=\"post\" enctype=\"multipart\/form-data\" action=\"\/startseite\/wp-json\/wp\/v2\/pages\/532\" data-token=\"e2550a25377812d165781626cd50a06e\" data-token-time=\"1778823490\"><noscript class=\"wpforms-error-noscript\">Please enable JavaScript in your browser to complete this form.<\/noscript><div id=\"wpforms-error-noscript\" style=\"display: none;\">Please enable JavaScript in your browser to complete this form.<\/div><div class=\"wpforms-field-container\"><div id=\"wpforms-521-field_5-container\" class=\"wpforms-field wpforms-field-select wpforms-field-select-style-classic\" data-field-id=\"5\"><label class=\"wpforms-field-label\" for=\"wpforms-521-field_5\">Anrede<\/label><select id=\"wpforms-521-field_5\" class=\"wpforms-field-medium\" name=\"wpforms[fields][5]\"><option value=\"Herr\"  class=\"choice-1 depth-1\"  >Herr<\/option><option value=\"Frau\"  class=\"choice-2 depth-1\"  >Frau<\/option><option value=\"Firma\"  class=\"choice-3 depth-1\"  >Firma<\/option><\/select><\/div><div id=\"wpforms-521-field_1-container\" class=\"wpforms-field wpforms-field-name\" data-field-id=\"1\"><label class=\"wpforms-field-label\" for=\"wpforms-521-field_1\">Name <span class=\"wpforms-required-label\" aria-hidden=\"true\">*<\/span><\/label><input type=\"text\" id=\"wpforms-521-field_1\" class=\"wpforms-field-medium wpforms-field-required\" name=\"wpforms[fields][1]\" aria-errormessage=\"wpforms-521-field_1-error\" required><\/div><div id=\"wpforms-521-field_6-container\" class=\"wpforms-field wpforms-field-name\" data-field-id=\"6\"><label class=\"wpforms-field-label\" for=\"wpforms-521-field_6\">Vorname <span class=\"wpforms-required-label\" aria-hidden=\"true\">*<\/span><\/label><input type=\"text\" id=\"wpforms-521-field_6\" class=\"wpforms-field-medium wpforms-field-required\" name=\"wpforms[fields][6]\" aria-errormessage=\"wpforms-521-field_6-error\" required><\/div><div id=\"wpforms-521-field_7-container\" class=\"wpforms-field wpforms-field-text\" data-field-id=\"7\"><label class=\"wpforms-field-label\" for=\"wpforms-521-field_7\">Firma<\/label><input type=\"text\" id=\"wpforms-521-field_7\" class=\"wpforms-field-medium\" name=\"wpforms[fields][7]\" aria-errormessage=\"wpforms-521-field_7-error\" ><\/div><div id=\"wpforms-521-field_8-container\" class=\"wpforms-field wpforms-field-text\" data-field-id=\"8\"><label class=\"wpforms-field-label\" for=\"wpforms-521-field_8\">Stra\u00dfe<\/label><input type=\"text\" id=\"wpforms-521-field_8\" class=\"wpforms-field-medium\" name=\"wpforms[fields][8]\" aria-errormessage=\"wpforms-521-field_8-error\" ><\/div><div id=\"wpforms-521-field_10-container\" class=\"wpforms-field wpforms-field-text\" data-field-id=\"10\"><label class=\"wpforms-field-label\" for=\"wpforms-521-field_10\">PLZ<\/label><input type=\"text\" id=\"wpforms-521-field_10\" class=\"wpforms-field-medium\" name=\"wpforms[fields][10]\" aria-errormessage=\"wpforms-521-field_10-error\" ><\/div><div id=\"wpforms-521-field_11-container\" class=\"wpforms-field wpforms-field-text\" data-field-id=\"11\"><label class=\"wpforms-field-label\" for=\"wpforms-521-field_11\">Ort<\/label><input type=\"text\" id=\"wpforms-521-field_11\" class=\"wpforms-field-medium\" name=\"wpforms[fields][11]\" aria-errormessage=\"wpforms-521-field_11-error\" ><\/div><div id=\"wpforms-521-field_15-container\" class=\"wpforms-field wpforms-field-text\" data-field-id=\"15\"><label class=\"wpforms-field-label\" for=\"wpforms-521-field_15\">Telefonnummer <span class=\"wpforms-required-label\" aria-hidden=\"true\">*<\/span><\/label><input type=\"text\" id=\"wpforms-521-field_15\" class=\"wpforms-field-medium wpforms-field-required\" name=\"wpforms[fields][15]\" aria-errormessage=\"wpforms-521-field_15-error\" required><\/div>\t\t<div id=\"wpforms-521-field_4-container\"\n\t\t\tclass=\"wpforms-field wpforms-field-text\"\n\t\t\tdata-field-type=\"text\"\n\t\t\tdata-field-id=\"4\"\n\t\t\t>\n\t\t\t<label class=\"wpforms-field-label\" for=\"wpforms-521-field_4\" >Stra\u00dfe PLZ Firma<\/label>\n\t\t\t<input type=\"text\" id=\"wpforms-521-field_4\" class=\"wpforms-field-medium\" name=\"wpforms[fields][4]\" >\n\t\t<\/div>\n\t\t<div id=\"wpforms-521-field_13-container\" class=\"wpforms-field wpforms-field-email\" data-field-id=\"13\"><label class=\"wpforms-field-label\" for=\"wpforms-521-field_13\">Telefax<\/label><input type=\"email\" id=\"wpforms-521-field_13\" class=\"wpforms-field-medium\" name=\"wpforms[fields][13]\" spellcheck=\"false\" aria-errormessage=\"wpforms-521-field_13-error\" ><\/div><div id=\"wpforms-521-field_2-container\" class=\"wpforms-field wpforms-field-email\" data-field-id=\"2\"><label class=\"wpforms-field-label\" for=\"wpforms-521-field_2\">Email <span class=\"wpforms-required-label\" aria-hidden=\"true\">*<\/span><\/label><input type=\"email\" id=\"wpforms-521-field_2\" class=\"wpforms-field-medium wpforms-field-required\" name=\"wpforms[fields][2]\" spellcheck=\"false\" aria-errormessage=\"wpforms-521-field_2-error\" required><\/div><div id=\"wpforms-521-field_16-container\" class=\"wpforms-field wpforms-field-text\" data-field-id=\"16\"><label class=\"wpforms-field-label\" for=\"wpforms-521-field_16\">Artikelnummer <span class=\"wpforms-required-label\" aria-hidden=\"true\">*<\/span><\/label><input type=\"text\" id=\"wpforms-521-field_16\" class=\"wpforms-field-medium wpforms-field-required\" name=\"wpforms[fields][16]\" aria-errormessage=\"wpforms-521-field_16-error\" required><\/div><div id=\"wpforms-521-field_3-container\" class=\"wpforms-field wpforms-field-textarea\" data-field-id=\"3\"><label class=\"wpforms-field-label\" for=\"wpforms-521-field_3\">Ihre Nachricht <span class=\"wpforms-required-label\" aria-hidden=\"true\">*<\/span><\/label><textarea id=\"wpforms-521-field_3\" class=\"wpforms-field-medium wpforms-field-required\" name=\"wpforms[fields][3]\" aria-errormessage=\"wpforms-521-field_3-error\" required><\/textarea><\/div><script>\n\t\t\t\t( function() {\n\t\t\t\t\tconst style = document.createElement( 'style' );\n\t\t\t\t\tstyle.appendChild( document.createTextNode( '#wpforms-521-field_4-container { position: absolute !important; overflow: hidden !important; display: inline !important; height: 1px !important; width: 1px !important; z-index: -1000 !important; padding: 0 !important; } #wpforms-521-field_4-container input { visibility: hidden; } #wpforms-conversational-form-page #wpforms-521-field_4-container label { counter-increment: none; }' ) );\n\t\t\t\t\tdocument.head.appendChild( style );\n\t\t\t\t\tdocument.currentScript?.remove();\n\t\t\t\t} )();\n\t\t\t<\/script><\/div><!-- .wpforms-field-container --><div class=\"wpforms-submit-container\" ><input type=\"hidden\" name=\"wpforms[id]\" value=\"521\"><input type=\"hidden\" name=\"page_title\" value=\"\"><input type=\"hidden\" name=\"page_url\" value=\"https:\/\/klippert.wp2.zinzius.de\/startseite\/wp-json\/wp\/v2\/pages\/532\"><input type=\"hidden\" name=\"url_referer\" value=\"\"><button type=\"submit\" name=\"wpforms[submit]\" id=\"wpforms-submit-521\" class=\"wpforms-submit\" data-alt-text=\"Sending...\" data-submit-text=\"Submit\" aria-live=\"assertive\" value=\"wpforms-submit\">Submit<\/button><img loading=\"lazy\" decoding=\"async\" src=\"https:\/\/klippert.wp2.zinzius.de\/wp-content\/plugins\/wpforms-lite\/assets\/images\/submit-spin.svg\" class=\"wpforms-submit-spinner\" style=\"display: none;\" width=\"26\" height=\"26\" alt=\"Loading\"><\/div><\/form><\/div>  <!-- .wpforms-container -->","protected":false},"excerpt":{"rendered":"<p>Unsere Kontaktdaten: Klippert Medizintechnik e.K. Regina EmondtAm Arnsgraben 1861389 SchmittenTel.: 06084 &#8211; 900797Fax: 03212 &#8211; 1158712 Sie m\u00f6chten mehr \u00fcber eines unserer Produkte erfahren oder ben\u00f6tigen Beratung&nbsp;bei der Auswahl des f\u00fcr Sie geeigneten Produktes? Dann freuen wir uns auf Ihre Anfrage &#8211; telefonisch, per Mail oder per Kontaktformular. Gerne beraten wir Sie oder erstellen ein &hellip; <\/p>\n<p class=\"link-more\"><a href=\"https:\/\/klippert.wp2.zinzius.de\/startseite\/kontaktformular\/\" class=\"more-link\">Read more<span class=\"screen-reader-text\"> &#8220;Kontaktformular&#8221;<\/span><\/a><\/p>\n","protected":false},"author":2,"featured_media":0,"parent":0,"menu_order":0,"comment_status":"closed","ping_status":"closed","template":"","meta":{"footnotes":""},"class_list":["post-532","page","type-page","status-publish","hentry"],"_links":{"self":[{"href":"https:\/\/klippert.wp2.zinzius.de\/startseite\/wp-json\/wp\/v2\/pages\/532","targetHints":{"allow":["GET"]}}],"collection":[{"href":"https:\/\/klippert.wp2.zinzius.de\/startseite\/wp-json\/wp\/v2\/pages"}],"about":[{"href":"https:\/\/klippert.wp2.zinzius.de\/startseite\/wp-json\/wp\/v2\/types\/page"}],"author":[{"embeddable":true,"href":"https:\/\/klippert.wp2.zinzius.de\/startseite\/wp-json\/wp\/v2\/users\/2"}],"replies":[{"embeddable":true,"href":"https:\/\/klippert.wp2.zinzius.de\/startseite\/wp-json\/wp\/v2\/comments?post=532"}],"version-history":[{"count":5,"href":"https:\/\/klippert.wp2.zinzius.de\/startseite\/wp-json\/wp\/v2\/pages\/532\/revisions"}],"predecessor-version":[{"id":982,"href":"https:\/\/klippert.wp2.zinzius.de\/startseite\/wp-json\/wp\/v2\/pages\/532\/revisions\/982"}],"wp:attachment":[{"href":"https:\/\/klippert.wp2.zinzius.de\/startseite\/wp-json\/wp\/v2\/media?parent=532"}],"curies":[{"name":"wp","href":"https:\/\/api.w.org\/{rel}","templated":true}]}}