{"id":551,"date":"2025-02-18T15:55:00","date_gmt":"2025-02-18T15:55:00","guid":{"rendered":"https:\/\/klippert.wp2.zinzius.de\/startseite\/?page_id=551"},"modified":"2025-02-18T15:55:00","modified_gmt":"2025-02-18T15:55:00","slug":"impressum","status":"publish","type":"page","link":"https:\/\/klippert.wp2.zinzius.de\/startseite\/impressum\/","title":{"rendered":"Impressum"},"content":{"rendered":"\n<p>Verantwortlich f\u00fcr die Inhalte dieser Website i.S. des \u00a75 TMG (Telemediengesetz):<\/p>\n\n\n\n<p>Regina Emondt<br>Klippert Medizintechnik e.K.<br>Am Arnsgraben 18<br>61389 Schmitten<\/p>\n\n\n\n<p>Tel.: 06084 &#8211; 900797<br>Fax: 03212 &#8211; 1158712<\/p>\n\n\n\n<p><a href=\"http:\/\/www.klippert-medizintechnik.de\/\">www.klippert-medizintechnik.de<br><\/a><a href=\"mailto:kontakt@klippert-medizintechnik.de\">kontakt@klippert-medizintechnik.de<\/a><a href=\"mailto:kontakt@klippert-medizintechnik.de\"><\/a><\/p>\n\n\n\n<p>Handelsregister: Amtsgericht K\u00f6nigstein im Taunus, HRA 3774.<\/p>\n\n\n\n<p>Ust-ID: DE 235748033<\/p>\n\n\n\n<p>Urheberrecht<br>Klippert Medizintechnik e.K. 2017<br>Alle Rechte vorbehalten.<\/p>\n\n\n\n<p>Gew\u00e4hrleistung<br>Die Autoren und Herausgeber \u00fcbernehmen keine Gew\u00e4hr und Haftung f\u00fcr die Richtigkeit,<br>Zuverl\u00e4ssigkeit, Vollst\u00e4ndigkeit und Aktualit\u00e4t der Informationen.<\/p>\n","protected":false},"excerpt":{"rendered":"<p>Verantwortlich f\u00fcr die Inhalte dieser Website i.S. des \u00a75 TMG (Telemediengesetz): Regina EmondtKlippert Medizintechnik e.K.Am Arnsgraben 1861389 Schmitten Tel.: 06084 &#8211; 900797Fax: 03212 &#8211; 1158712 www.klippert-medizintechnik.dekontakt@klippert-medizintechnik.de Handelsregister: Amtsgericht K\u00f6nigstein im Taunus, HRA 3774. Ust-ID: DE 235748033 UrheberrechtKlippert Medizintechnik e.K. 2017Alle Rechte vorbehalten. Gew\u00e4hrleistungDie Autoren und Herausgeber \u00fcbernehmen keine Gew\u00e4hr und Haftung f\u00fcr die Richtigkeit,Zuverl\u00e4ssigkeit, Vollst\u00e4ndigkeit &hellip; <\/p>\n<p class=\"link-more\"><a href=\"https:\/\/klippert.wp2.zinzius.de\/startseite\/impressum\/\" class=\"more-link\">Read more<span class=\"screen-reader-text\"> &#8220;Impressum&#8221;<\/span><\/a><\/p>\n","protected":false},"author":2,"featured_media":0,"parent":0,"menu_order":0,"comment_status":"closed","ping_status":"closed","template":"","meta":{"footnotes":""},"class_list":["post-551","page","type-page","status-publish","hentry"],"_links":{"self":[{"href":"https:\/\/klippert.wp2.zinzius.de\/startseite\/wp-json\/wp\/v2\/pages\/551","targetHints":{"allow":["GET"]}}],"collection":[{"href":"https:\/\/klippert.wp2.zinzius.de\/startseite\/wp-json\/wp\/v2\/pages"}],"about":[{"href":"https:\/\/klippert.wp2.zinzius.de\/startseite\/wp-json\/wp\/v2\/types\/page"}],"author":[{"embeddable":true,"href":"https:\/\/klippert.wp2.zinzius.de\/startseite\/wp-json\/wp\/v2\/users\/2"}],"replies":[{"embeddable":true,"href":"https:\/\/klippert.wp2.zinzius.de\/startseite\/wp-json\/wp\/v2\/comments?post=551"}],"version-history":[{"count":1,"href":"https:\/\/klippert.wp2.zinzius.de\/startseite\/wp-json\/wp\/v2\/pages\/551\/revisions"}],"predecessor-version":[{"id":552,"href":"https:\/\/klippert.wp2.zinzius.de\/startseite\/wp-json\/wp\/v2\/pages\/551\/revisions\/552"}],"wp:attachment":[{"href":"https:\/\/klippert.wp2.zinzius.de\/startseite\/wp-json\/wp\/v2\/media?parent=551"}],"curies":[{"name":"wp","href":"https:\/\/api.w.org\/{rel}","templated":true}]}}