{"id":553,"date":"2025-02-18T16:00:33","date_gmt":"2025-02-18T16:00:33","guid":{"rendered":"https:\/\/klippert.wp2.zinzius.de\/startseite\/?page_id=553"},"modified":"2025-04-18T13:59:23","modified_gmt":"2025-04-18T13:59:23","slug":"glossar","status":"publish","type":"page","link":"https:\/\/klippert.wp2.zinzius.de\/startseite\/glossar\/","title":{"rendered":"Glossar"},"content":{"rendered":"\n<h6 class=\"wp-block-heading has-text-color has-link-color has-medium-font-size wp-elements-f0d5e358cb2ad94b2e3d1d64a44c91ae\" style=\"color:#083691\">Atemgasbefeuchter<\/h6>\n\n\n\n<p>Unter Atemgasbefeuchtung versteht man eine Methode, mittels der das Atemgas von maschinell beatmeten Patienten k\u00fcnstlich erw\u00e4rmt und befeuchtet wird.\u00a0<br>Bei Patienten, die f\u00fcr l\u00e4ngere Zeit beatmet werden, ist darauf zu achten, dass W\u00e4rme- und Feuchtigkeitsverluste ausgeglichen werden, um das Austrocknen der Atemwege zu vermeiden, welches weitere Beeintr\u00e4chtigungen nach sich ziehen k\u00f6nnte.<br>Der aktive Atemgasbefeuchter regelt die Versorgung des Patienten mit optimal konditioniertem Atemgas, wobei das Atemgas z.B. mittels elektronischer Energie mit Feuchtigkeit und W\u00e4rme angereichert wird. Es gibt verschiedene Arten aktiver Atemgasbefeuchter (Vernebler, Verdunster und Sprudler), die sich durch den Aggregatzustand des Wassers unterscheiden. Im Rahmen der Sauerstoff-Therapie mit hohem Flow werden zumeist Sprudler verwendet. Hierbei erfolgt die Versorgung \u00fcber eine Maske oder Nasensonde.\u00a0<br>Dabei wird daf\u00fcr gesorgt, dass die Schleimh\u00e4ute nicht austrocknen bzw. dass es nicht zu Blockierungen in Nase oder Mund kommt.<br>Alternativ zu den aktiven Atemgasbefeuchtern gibt es die passiven Atemgasbefeuchter, welche von externen Energiequellen bzw. einer externen Wasserversorgung unabh\u00e4ngig sind. Passive Atemgasbefeuchter arbeiten als W\u00e4rme- bzw. Feuchtigkeitsaustauscher.<\/p>\n\n\n\n<h6 class=\"wp-block-heading has-text-color has-link-color has-medium-font-size wp-elements-dfd27ac9b1fcc3f51ceba134f4ae053e\" style=\"color:#083691\">Bakterienfilter<\/h6>\n\n\n\n<p>Damit der Nutzer eines Sauerstoff-Konzentrators hygienisch einwandfreien Sauerstoff erh\u00e4lt, ist im Sauerstoff-Konzentrator ein sogenannter Bakterienfilter eingebaut. Dieser filtert die im Sauerstoff vorhandenen Bakterien heraus und trennt sie somit von dem f\u00fcr den Patienten genutzten Sauerstoff.<\/p>\n\n\n\n<h6 class=\"wp-block-heading has-text-color has-link-color has-medium-font-size wp-elements-87e51428dfe38b907a42a49849a7349b\" style=\"color:#083691\">Cluster-Kopfschmerz<\/h6>\n\n\n\n<p>&#8220;Cluster\u201d bedeutet &#8220;H\u00e4ufung&#8221; und bezieht sich auf das Muster, in dem die Kopfschmerz-Attacken bei einem Patienten auftreten.\u00a0<br>Diese prim\u00e4re Kopfschmerzerkrankung (prim\u00e4r im Sinne, dass hier der Schmerz als solcher die Erkrankung darstellt, w\u00e4hrend bei sekund\u00e4ren Erkrankungen der Kopfschmerz eine Begleiterscheinung, resultierend aus einer anderen Erkrankung heraus, darstellt)\u00a0\u00e4u\u00dfert sich durch extreme Schmerzattacken im Bereich der Augen und der Schl\u00e4fe.<br>Der typische Cluster-Kopfschmerz-Patient kann monate- bis jahrelang frei von Schmerzattacken bleiben, w\u00e4hrend dann hingegen wieder Phasen auftreten, in denen der Kopfschmerz \u201cgeh\u00e4uft\u201d auftritt. Die einzelnen Attacken dauern i.d.R. zwischen 15 und 180 Minuten und beginnen meist aus dem Schlaf heraus.<br>Vor ca. 50 Jahren bereits herausgefunden und inzwischen auch als wirksam erwiesen hat sich die Therapierung mit 100-%igem Sauerstoff. Hierzu wird f\u00fcr 10 bis 15 Minuten eine Sauerstoffmenge von 8 bis 10 L\/Min inhaliert. Mittlerweile gibt es spezielle Sauerstoff-Konzentratoren, die bei der Sauerstoff-Therapie eingesetzt werden.<br>Das\u00a0<strong>Equipment zur Sauerstoff-Therapierung<\/strong>\u00a0finden Sie bei uns bei den <a href=\"https:\/\/klippert.wp2.zinzius.de\/startseite\/category\/allesauerstoff\/statsauerstoff\/\" data-type=\"category\" data-id=\"18\">Station\u00e4re<\/a>, und <a href=\"https:\/\/klippert.wp2.zinzius.de\/startseite\/category\/allesauerstoff\/mobile-sauerstoffsysteme\/\" data-type=\"category\" data-id=\"27\">Mobile<\/a> Sauerstoffsysteme.<\/p>\n\n\n\n<h6 class=\"wp-block-heading has-text-color has-link-color has-medium-font-size wp-elements-9e680a9f1020a5a50eb75ccaa799160c\" style=\"color:#083691\">Druckminderer<\/h6>\n\n\n\n<p>Als Druckminderer (auch Reduzierventil oder Druckminderungsventil genannt) bezeichnet man ganz allgemein eine Vorrichtung,&nbsp;<br>die in ein Schlauch- oder Leitungssystem eingebaut wird und daf\u00fcr sorgt, dass bei unterschiedlichen Eingangsdr\u00fccken ein bestimmter vorgegebener Ausgangsdruck eingehalten wird. Dies ist im medizintechnischen Bereich besonders wichtig, da Patienten somit die von Ihnen ben\u00f6tigte Sauerstoff-Austrittsmenge steuern und konstant halten k\u00f6nnen.<\/p>\n\n\n\n<h6 class=\"wp-block-heading has-text-color has-link-color has-medium-font-size wp-elements-a01cca2de17de457d785ad3f67a54ed7\" style=\"color:#083691\">Fahrbare Versorgungseinheit<\/h6>\n\n\n\n<p>Unter einer fahrbaren Versorgungseinheit versteht man im medizintechnischen Bereich eine Vorrichtung, mittels derer z.B. 10-Liter Sauerstoff-Flaschen in Arztpraxen leichter von einem Einsatzort zum anderen bewegt werden k\u00f6nnen.\u00a0<br>Diese Einheiten dienen nicht der uneingeschr\u00e4nkten Mobilit\u00e4t des Patienten \u2013 hierf\u00fcr gibt es spezielle mobile Sauerstoffger\u00e4te.<\/p>\n\n\n\n<h6 class=\"wp-block-heading has-text-color has-link-color has-medium-font-size wp-elements-8e3703a86433b333d8bb3b69af6f3853\" style=\"color:#083691\">Flowregelung<\/h6>\n\n\n\n<p>F\u00fcr den Nutzer eines Sauerstoff-Konzentrators ist es enorm wichtig, die von ihm ben\u00f6tigte Menge an Sauerstoff (gemessen in Litern&nbsp;<br>pro Minute) steuern und konstant halten zu k\u00f6nnen. \u00dcber die Flowregelung an Sauerstoff-Konzentratoren sowie Druckminderern ist die Regulierung des Sauerstoffdurchflusses m\u00f6glich.<\/p>\n\n\n\n<h6 class=\"wp-block-heading has-text-color has-link-color has-medium-font-size wp-elements-abd3ccd5763241887324a48d5f2551c5\" style=\"color:#083691\">Intelligentes Sauerstoff-Sparsystem<\/h6>\n\n\n\n<p>(s. Sauerstoffsparventil)<\/p>\n\n\n\n<h6 class=\"wp-block-heading has-text-color has-link-color has-medium-font-size wp-elements-e9776510883ae006993c8a27874b6414\" style=\"color:#083691\">Ionisator \/ Sauerstoff-Ionisator<\/h6>\n\n\n\n<p>Die normale Luft enth\u00e4lt molekularen Sauerstoff. Dieser Sauerstoff ist elektrisch neutral. Es gibt aber auch Gelegenheiten, bei denen sich der Sauerstoff elektrisch aufl\u00e4dt. Man spricht dann von ionisiertem Sauerstoff, welcher z.B. durch Blitzschl\u00e4ge und ganz generell durch Sonneneinstrahlung entstehen kann. Der mit negativen Ionen angereicherte Sauerstoff wird h\u00e4ufig als sehr angenehm empfunden. Um nun dem Patienten, der sich mittels eines Sauerstoff-Konzentrators mit Sauerstoff therapiert, weitere Erleichterung zu verschaffen, kann es von Vorteil sein, den Konzentrator durch einen Ionisator zu erg\u00e4nzen. Dieser erf\u00fcllt genau diese Funktion \u2013 er reichert den Sauerstoff mit den negativen Sauerstoff-Ionen an und verbessert somit die Sauerstoff-Verwertung.<\/p>\n\n\n\n<h6 class=\"wp-block-heading has-text-color has-link-color has-medium-font-size wp-elements-edc44a3188b5374f949dfe48ba70ee1e\" style=\"color:#083691\">Mobiles Sauerstoffger\u00e4t<\/h6>\n\n\n\n<p>Patienten, die nicht auf Ihre Mobilit\u00e4t verzichten m\u00f6chten oder k\u00f6nnen oder aber auch nur f\u00fcr Notf\u00e4lle auf eine entsprechende Versorgung vorbereitet sein m\u00f6chten, haben die M\u00f6glichkeit, sich mit einem mobilen Sauerstoffger\u00e4t den n\u00f6tigen Freiraum zu verschaffen. Diese kleinen, akkubetriebenen mobilen Sauerstoff-Ger\u00e4te sind so leicht und klein, dass man sie problemlos \u00fcberall mitnehmen kann.<\/p>\n\n\n\n<h6 class=\"wp-block-heading has-text-color has-link-color has-medium-font-size wp-elements-d103a92c3210f5bd752631e1affaebdf\" style=\"color:#083691\">Medizinischer Sauerstoff<\/h6>\n\n\n\n<p>Im Rahmen der Sauerstoff-Therapie wird ausschlie\u00dflich medizinischer Sauerstoff (kein technischer bzw. industrieller Sauerstoff) verwendet. Grunds\u00e4tzlich kann der Sauerstoff entweder \u00fcber eine Sauerstoff-Nasensonde, eine Sauerstoffbrille, eine Sauerstoffmaske oder den Inkubator zugef\u00fchrt werden.<\/p>\n\n\n\n<h6 class=\"wp-block-heading has-text-color has-link-color has-medium-font-size wp-elements-bccabb87bd39f9e809d70ee1547e50e6\" style=\"color:#083691\">Nasenbrille<\/h6>\n\n\n\n<p>Um dem Patienten den medizinischen Sauerstoff aus dem Sauerstoff-Konzentrator zuzuf\u00fchren, kann man u.a. eine Nasenbrille verwenden. Dieses Kunststoffteil hat einen meist weichen Nasenkatheter sowie einen Sicherheitsschlauch. Die Schl\u00e4uche gibt es in unterschiedlichen L\u00e4ngen; die Nasenbrille selbst ist f\u00fcr Erwachsene, Kinder und sogar S\u00e4uglinge erh\u00e4ltlich.<\/p>\n\n\n\n<h6 class=\"wp-block-heading has-text-color has-link-color has-medium-font-size wp-elements-0ac4bf862437f9b71dfcb2bdedc5a97b\" style=\"color:#083691\">OSD-Sensor \/ OSD-Modul<\/h6>\n\n\n\n<p>Unter einem OSD-Sensor oder \u2013Modul versteht man eine Bildschirmanzeige (OSD = On-Screen Display). Es handelt sich dabei ganz allgemein um ein Menu, wobei die einzelnen Men\u00fcpunkte \u00fcber eine Fernbedienung oder einen sog. Touch-Screen angesteuert werden k\u00f6nnen.<\/p>\n\n\n\n<h6 class=\"wp-block-heading has-text-color has-link-color has-medium-font-size wp-elements-1a3cdfd3b9bd603b2f7553741b67b454\" style=\"color:#083691\">Sauerstoff-Sparventil<\/h6>\n\n\n\n<p>Das Sauerstoff-Sparventil ist ein Ventil, welches sich in einem sogenannten Sauerstoff-Sparsystem befindet.&nbsp;<br>Es dient dazu, die Nutzungsdauer der Sauerstoff-Flasche zu verl\u00e4ngern \u2013<br>z. T. bis um die 3- oder gar 5-fache Zeit. Die Verl\u00e4ngerung der Nutzungsdauer geschieht, indem Sauerstoff synchron mit jedem Atemzug bedarfsgerecht verarbeitet wird. Ein Sauerstoff-Sparventil kann bei mobilen Sauerstoffger\u00e4ten genutzt werden.<\/p>\n\n\n\n<h6 class=\"wp-block-heading has-text-color has-link-color has-medium-font-size wp-elements-1eb5f020c9fa4f96da92b04504894eb3\" style=\"color:#083691\">Sauerstoffkonzentrator<\/h6>\n\n\n\n<p>Der Sauerstoffkonzentrator ist ein elektrisches Ger\u00e4t, welches der im Krankheitsfall notwendigen zus\u00e4tzlichen Sauerstoffversorgung dient. Es wird \u00fcber das Stromnetz betrieben und kann durch den eingebauten Membranfilter den in der Umgebungsluft vorhandenen Sauerstoff herausfiltern und dem Patienten zuf\u00fchren. Die normale Luft besteht nur zu ca. 20 % aus Sauerstoff,\u00a0<br>ca. 79 % entfallen auf Stickstoff und ca. 1 % auf andere Gase. Der Kompressor im Sauerstoffkonzentrator saugt die Luft an.\u00a0<br>Durch ein Molekularsieb im Inneren des Ger\u00e4tes, k\u00f6nnen die Sauerstoff- von den Stickstoffmolek\u00fclen getrennt werden. Der so extrahierte Sauerstoff kann dann dem Patienten zur Verf\u00fcgung gestellt werden.<\/p>\n\n\n\n<h6 class=\"wp-block-heading has-text-color has-link-color has-medium-font-size wp-elements-bc10a71eb65b066540ea1270280de5e4\" style=\"color:#083691\">Sauerstoff-Ionisator<\/h6>\n\n\n\n<p>(s. Ionisator)<\/p>\n\n\n\n<h6 class=\"wp-block-heading has-text-color has-link-color has-medium-font-size wp-elements-b679c6e4dd9cb958680f6080b166e94a\" style=\"color:#083691\">Sauerstoff-Langzeittherapie (LOT = Long-term Oxygen Therapy)<\/h6>\n\n\n\n<p>Bei der Sauerstoff-Langzeittherapie handelt es sich um eine Zufuhr von Sauerstoff, welche \u00fcber einen l\u00e4ngeren Zeitraum hinweg t\u00e4glich f\u00fcr mindestens 16 Stunden erfolgen mu\u00df. Der an chronischem Sauerstoffmangel erkrankte Patient kann seine Lebensqualit\u00e4t dadurch eindeutig verbessern. Es ist jedoch vorab zu pr\u00fcfen, ob die LOT tats\u00e4chlich die geeignete Therapierung f\u00fcr den jeweiligen Patienten darstellt, denn der Einsatz der Sauerstoff-Langzeittherapie erfordert bestimmte Voraussetzungen, wie z.B., dass alle M\u00f6glichkeiten der medikament\u00f6sen Behandlung zuvor ausgesch\u00f6pft wurden. Der Sauerstoff kann \u00fcber eine Nasenbrille, ggf. aber auch mittels eines Katheters zugef\u00fchrt werden. Zur Unterst\u00fctzung der Sauerstoff-Langzeittherapie werden sog. Sauerstoff-Konzentratoren eingesetzt.<\/p>\n\n\n\n<h6 class=\"wp-block-heading has-text-color has-link-color has-medium-font-size wp-elements-eaa26ffb87ff07873e3475803567454d\" style=\"color:#083691\">Sauerstoff-Mehrschritt-Therapie (SMT)<\/h6>\n\n\n\n<p>Bei der SMT handelt es sich um eine Inhalationstherapie mit Sauerstoff, die dem Bereich der Alternativmedizin zugeordnet wird.\u00a0<br>Es gibt mehr als 20 Varianten dieser Therapie, welche i.d.R. aus drei Schritten besteht.<br>Im ersten Schritt erh\u00e4lt der Patient ein Pr\u00e4parat bestehend aus Vitaminen und Mineralstoffen, wodurch die Sauerstoffaufnahme und der Sauerstoffwechsel in den Zellen verbessert werden und der Patient vor den sch\u00e4dlichen Wirkungen des Sauerstoffs gesch\u00fctzt werden soll.\u00a0<br>Anschlie\u00dfend findet in einem zweiten Schritt die Inhalation von Sauerstoff statt. In einem dritten Schritt sollte sich der Patient ein wenig sportlich bet\u00e4tigen. Auch geistiges Training zur Durchblutung des Gehirns wird angeraten.<\/p>\n\n\n\n<p>Die SMT ist als Kur zu verstehen und sollte je nach Lebensalter ein- bis zweimal im Jahr in mittleren Jahren, bzw. entsprechend \u00f6fter in \u00e4ltern Jahren, wiederholt werden.<\/p>\n","protected":false},"excerpt":{"rendered":"<p>Atemgasbefeuchter Unter Atemgasbefeuchtung versteht man eine Methode, mittels der das Atemgas von maschinell beatmeten Patienten k\u00fcnstlich erw\u00e4rmt und befeuchtet wird.\u00a0Bei Patienten, die f\u00fcr l\u00e4ngere Zeit beatmet werden, ist darauf zu achten, dass W\u00e4rme- und Feuchtigkeitsverluste ausgeglichen werden, um das Austrocknen der Atemwege zu vermeiden, welches weitere Beeintr\u00e4chtigungen nach sich ziehen k\u00f6nnte.Der aktive Atemgasbefeuchter regelt die &hellip; <\/p>\n<p class=\"link-more\"><a href=\"https:\/\/klippert.wp2.zinzius.de\/startseite\/glossar\/\" class=\"more-link\">Read more<span class=\"screen-reader-text\"> &#8220;Glossar&#8221;<\/span><\/a><\/p>\n","protected":false},"author":2,"featured_media":0,"parent":0,"menu_order":0,"comment_status":"closed","ping_status":"closed","template":"","meta":{"footnotes":""},"class_list":["post-553","page","type-page","status-publish","hentry"],"_links":{"self":[{"href":"https:\/\/klippert.wp2.zinzius.de\/startseite\/wp-json\/wp\/v2\/pages\/553","targetHints":{"allow":["GET"]}}],"collection":[{"href":"https:\/\/klippert.wp2.zinzius.de\/startseite\/wp-json\/wp\/v2\/pages"}],"about":[{"href":"https:\/\/klippert.wp2.zinzius.de\/startseite\/wp-json\/wp\/v2\/types\/page"}],"author":[{"embeddable":true,"href":"https:\/\/klippert.wp2.zinzius.de\/startseite\/wp-json\/wp\/v2\/users\/2"}],"replies":[{"embeddable":true,"href":"https:\/\/klippert.wp2.zinzius.de\/startseite\/wp-json\/wp\/v2\/comments?post=553"}],"version-history":[{"count":5,"href":"https:\/\/klippert.wp2.zinzius.de\/startseite\/wp-json\/wp\/v2\/pages\/553\/revisions"}],"predecessor-version":[{"id":994,"href":"https:\/\/klippert.wp2.zinzius.de\/startseite\/wp-json\/wp\/v2\/pages\/553\/revisions\/994"}],"wp:attachment":[{"href":"https:\/\/klippert.wp2.zinzius.de\/startseite\/wp-json\/wp\/v2\/media?parent=553"}],"curies":[{"name":"wp","href":"https:\/\/api.w.org\/{rel}","templated":true}]}}