{"id":713,"date":"2025-03-05T15:02:09","date_gmt":"2025-03-05T15:02:09","guid":{"rendered":"https:\/\/klippert.wp2.zinzius.de\/startseite\/?page_id=713"},"modified":"2025-03-06T12:39:51","modified_gmt":"2025-03-06T12:39:51","slug":"sauerstoff-flaschen-zubehor","status":"publish","type":"page","link":"https:\/\/klippert.wp2.zinzius.de\/startseite\/sauerstoff-flaschen-zubehor\/","title":{"rendered":"Sauerstoff-Flaschen \/ Zubeh\u00f6r"},"content":{"rendered":"\n<p class=\"has-text-align-center\"><strong>Nachfolgend finden SIe unser Angebot an unterschiedlichen Sauerstoff-Flaschen, einem Flaschenmantel sowie Transportbeh\u00e4ltern f\u00fcr Ihre Sauerstoff-Flaschen.<\/strong><\/p>\n\n\n\n<p class=\"has-text-align-center\"><strong>Bei Fragen k\u00f6nnen Sie sich gerne jederzeit unverbindlich an uns wenden.<\/strong> <br>Benutzen Sie dazu bitte <a href=\"mailto:kontakt@klippert-medizintechnik.de\" data-type=\"mailto\" data-id=\"mailto:kontakt@klippert-medizintechnik.de\">Email<\/a> oder unser <a href=\"https:\/\/klippert.wp2.zinzius.de\/startseite\/kontaktformular\/\" data-type=\"page\" data-id=\"532\" target=\"_blank\" rel=\"noreferrer noopener\">Kontaktformular<\/a>.<\/p>\n\n\n\n<div class=\"wp-block-buttons is-layout-flex wp-block-buttons-is-layout-flex\">\n<div class=\"wp-block-button\"><a class=\"wp-block-button__link wp-element-button\" href=\"https:\/\/klippert.wp2.zinzius.de\/startseite\/category\/allesauerstoff\/sauerstoff-flaschen-zubehor\/sauerstoff-flaschen\/\">Sauerstoff-Flaschen<\/a><\/div>\n<\/div>\n\n\n\n<div class=\"wp-block-buttons is-layout-flex wp-block-buttons-is-layout-flex\">\n<div class=\"wp-block-button\"><a class=\"wp-block-button__link wp-element-button\" href=\"https:\/\/klippert.wp2.zinzius.de\/startseite\/category\/allesauerstoff\/flaschenmantel\/\" target=\"_blank\" rel=\"noreferrer noopener\">Flaschenmantel<\/a><\/div>\n<\/div>\n\n\n\n<div class=\"wp-block-buttons is-layout-flex wp-block-buttons-is-layout-flex\">\n<div class=\"wp-block-button\"><a class=\"wp-block-button__link wp-element-button\" href=\"https:\/\/klippert.wp2.zinzius.de\/startseite\/category\/allesauerstoff\/gox-box\/\" target=\"_blank\" rel=\"noreferrer noopener\">Transportbeh\u00e4lter O2<\/a><\/div>\n<\/div>\n","protected":false},"excerpt":{"rendered":"<p>Nachfolgend finden SIe unser Angebot an unterschiedlichen Sauerstoff-Flaschen, einem Flaschenmantel sowie Transportbeh\u00e4ltern f\u00fcr Ihre Sauerstoff-Flaschen. Bei Fragen k\u00f6nnen Sie sich gerne jederzeit unverbindlich an uns wenden. Benutzen Sie dazu bitte Email oder unser Kontaktformular.<\/p>\n","protected":false},"author":3,"featured_media":0,"parent":0,"menu_order":0,"comment_status":"closed","ping_status":"closed","template":"","meta":{"footnotes":""},"class_list":["post-713","page","type-page","status-publish","hentry"],"_links":{"self":[{"href":"https:\/\/klippert.wp2.zinzius.de\/startseite\/wp-json\/wp\/v2\/pages\/713","targetHints":{"allow":["GET"]}}],"collection":[{"href":"https:\/\/klippert.wp2.zinzius.de\/startseite\/wp-json\/wp\/v2\/pages"}],"about":[{"href":"https:\/\/klippert.wp2.zinzius.de\/startseite\/wp-json\/wp\/v2\/types\/page"}],"author":[{"embeddable":true,"href":"https:\/\/klippert.wp2.zinzius.de\/startseite\/wp-json\/wp\/v2\/users\/3"}],"replies":[{"embeddable":true,"href":"https:\/\/klippert.wp2.zinzius.de\/startseite\/wp-json\/wp\/v2\/comments?post=713"}],"version-history":[{"count":4,"href":"https:\/\/klippert.wp2.zinzius.de\/startseite\/wp-json\/wp\/v2\/pages\/713\/revisions"}],"predecessor-version":[{"id":753,"href":"https:\/\/klippert.wp2.zinzius.de\/startseite\/wp-json\/wp\/v2\/pages\/713\/revisions\/753"}],"wp:attachment":[{"href":"https:\/\/klippert.wp2.zinzius.de\/startseite\/wp-json\/wp\/v2\/media?parent=713"}],"curies":[{"name":"wp","href":"https:\/\/api.w.org\/{rel}","templated":true}]}}