{"id":757,"date":"2025-03-06T17:00:37","date_gmt":"2025-03-06T17:00:37","guid":{"rendered":"https:\/\/klippert.wp2.zinzius.de\/startseite\/?page_id=757"},"modified":"2025-04-18T14:23:29","modified_gmt":"2025-04-18T14:23:29","slug":"pulsoximeter","status":"publish","type":"page","link":"https:\/\/klippert.wp2.zinzius.de\/startseite\/pulsoximeter\/","title":{"rendered":"Pulsoximeter"},"content":{"rendered":"\n<h2 class=\"wp-block-heading has-text-align-center has-text-color has-link-color wp-elements-9fc08819777df7f77a063d00ce20c7f3\" style=\"color:#0b5eb5\"><strong>Pulsoximetrie<\/strong><\/h2>\n\n\n\n<p>Die Pulsoximetrie oder Pulsoxymetrie ist ein Verfahren zur nicht invasiven Ermittlung der arteriellen Sauerstoffs\u00e4ttigung.<\/p>\n\n\n\n<p><strong>Nicht invasiv<\/strong>&nbsp;bedeutet, dass bei dieser Art der Messung die Haut nicht besch\u00e4digt wird; die Messung erfolgt &#8220;unblutig&#8221;,&nbsp;<br>weil man kein Blutgef\u00e4\u00df anstechen muss.<\/p>\n\n\n\n<p>Zur Messung der Sauerstoffs\u00e4ttigung des Bluts sowie der Pulsfrequenz kann man ein sog.\u00a0<strong>Pulsoximeter<\/strong>\u00a0verwenden.\u00a0<br><br>Die\u00a0<strong>Sauerstoffs\u00e4ttigung im Blut<\/strong>\u00a0(auch\u00a0<strong>SpO\u2082<\/strong>\u00a0genannt) gibt an, wie viel Prozent des\u00a0<strong>H\u00e4moglobins<\/strong>\u00a0im Blut mit\u00a0<strong>Sauerstoff<\/strong>\u00a0ges\u00e4ttigt ist. H\u00e4moglobin ist der rote Blutfarbstoff in den roten Blutk\u00f6rperchen, der Sauerstoff aus der Lunge aufnimmt und in den K\u00f6rper transportiert. Die Sauerstoffs\u00e4ttigung ist ein wichtiges Ma\u00df f\u00fcr die Sauerstoffversorgung des K\u00f6rpers, insbesondere des Hirns.<\/p>\n\n\n\n<p>Bei\u00a0<strong>gesunden Menschen<\/strong>\u00a0liegt die Sauerstoffs\u00e4ttigung in der Regel bei\u00a0<strong>95\u2013100 %<\/strong>.<\/p>\n\n\n\n<p>Das Pulsoximeter kommt auch bei der Versorgung von Notfallpatienten und auf der Intensivstation zum Einsatz und besteht\u00a0<br>i.d.R. aus einem Clip, an den ein Bildschirm oder Display angeschlossen ist. Dieser Clip wird h\u00e4ufig am Finger, gelegentlich aber auch am Ohrl\u00e4ppchen oder anderen gut durchbluteten K\u00f6rperteilen anbegracht.<\/p>\n\n\n\n<figure class=\"wp-block-image size-large\"><img loading=\"lazy\" decoding=\"async\" width=\"1024\" height=\"348\" src=\"https:\/\/klippert.wp2.zinzius.de\/wp-content\/uploads\/2025\/03\/Pulsoxi_Duo-1024x348.jpg\" alt=\"\" class=\"wp-image-758\" srcset=\"https:\/\/klippert.wp2.zinzius.de\/wp-content\/uploads\/2025\/03\/Pulsoxi_Duo-1024x348.jpg 1024w, https:\/\/klippert.wp2.zinzius.de\/wp-content\/uploads\/2025\/03\/Pulsoxi_Duo-300x102.jpg 300w, https:\/\/klippert.wp2.zinzius.de\/wp-content\/uploads\/2025\/03\/Pulsoxi_Duo.jpg 1082w\" sizes=\"auto, (max-width: 1024px) 100vw, 1024px\" \/><\/figure>\n\n\n\n<p>Zur Sauerstoffmessung bieten wir \u00fcbrigens auch&nbsp;Sauerstoffmonitore&nbsp;an.<\/p>\n\n\n\n<p>Unsere Pulsoximeter:<\/p>\n\n\n\n<div class=\"wp-block-buttons is-layout-flex wp-block-buttons-is-layout-flex\">\n<div class=\"wp-block-button\"><a class=\"wp-block-button__link wp-element-button\" href=\"https:\/\/klippert.wp2.zinzius.de\/startseite\/2025\/03\/15\/kinder-fingerpulsoximeter-md300c53\/\">Kinder-Fingerpulsoximeter<\/a><\/div>\n<\/div>\n\n\n\n<div class=\"wp-block-buttons is-layout-flex wp-block-buttons-is-layout-flex\">\n<div class=\"wp-block-button\"><a class=\"wp-block-button__link wp-element-button\" href=\"https:\/\/klippert.wp2.zinzius.de\/startseite\/2025\/03\/06\/quality-sat-805-mtc\/\">Quality-Sat 805 MTC<\/a><\/div>\n<\/div>\n\n\n\n<div class=\"wp-block-buttons is-layout-flex wp-block-buttons-is-layout-flex\">\n<div class=\"wp-block-button\"><a class=\"wp-block-button__link wp-element-button\" href=\"https:\/\/klippert.wp2.zinzius.de\/startseite\/2025\/03\/06\/md300c26\/\">MD300C26<\/a><\/div>\n<\/div>\n\n\n\n<div class=\"wp-block-buttons is-layout-flex wp-block-buttons-is-layout-flex\">\n<div class=\"wp-block-button\"><a class=\"wp-block-button__link wp-element-button\" href=\"https:\/\/klippert.wp2.zinzius.de\/startseite\/2025\/03\/06\/mysign-s\/\">MySign S<\/a><\/div>\n<\/div>\n\n\n\n<p><\/p>\n","protected":false},"excerpt":{"rendered":"<p>Pulsoximetrie Die Pulsoximetrie oder Pulsoxymetrie ist ein Verfahren zur nicht invasiven Ermittlung der arteriellen Sauerstoffs\u00e4ttigung. Nicht invasiv&nbsp;bedeutet, dass bei dieser Art der Messung die Haut nicht besch\u00e4digt wird; die Messung erfolgt &#8220;unblutig&#8221;,&nbsp;weil man kein Blutgef\u00e4\u00df anstechen muss. Zur Messung der Sauerstoffs\u00e4ttigung des Bluts sowie der Pulsfrequenz kann man ein sog.\u00a0Pulsoximeter\u00a0verwenden.\u00a0 Die\u00a0Sauerstoffs\u00e4ttigung im Blut\u00a0(auch\u00a0SpO\u2082\u00a0genannt) gibt an, &hellip; <\/p>\n<p class=\"link-more\"><a href=\"https:\/\/klippert.wp2.zinzius.de\/startseite\/pulsoximeter\/\" class=\"more-link\">Read more<span class=\"screen-reader-text\"> &#8220;Pulsoximeter&#8221;<\/span><\/a><\/p>\n","protected":false},"author":2,"featured_media":0,"parent":0,"menu_order":0,"comment_status":"closed","ping_status":"closed","template":"","meta":{"footnotes":""},"class_list":["post-757","page","type-page","status-publish","hentry"],"_links":{"self":[{"href":"https:\/\/klippert.wp2.zinzius.de\/startseite\/wp-json\/wp\/v2\/pages\/757","targetHints":{"allow":["GET"]}}],"collection":[{"href":"https:\/\/klippert.wp2.zinzius.de\/startseite\/wp-json\/wp\/v2\/pages"}],"about":[{"href":"https:\/\/klippert.wp2.zinzius.de\/startseite\/wp-json\/wp\/v2\/types\/page"}],"author":[{"embeddable":true,"href":"https:\/\/klippert.wp2.zinzius.de\/startseite\/wp-json\/wp\/v2\/users\/2"}],"replies":[{"embeddable":true,"href":"https:\/\/klippert.wp2.zinzius.de\/startseite\/wp-json\/wp\/v2\/comments?post=757"}],"version-history":[{"count":3,"href":"https:\/\/klippert.wp2.zinzius.de\/startseite\/wp-json\/wp\/v2\/pages\/757\/revisions"}],"predecessor-version":[{"id":998,"href":"https:\/\/klippert.wp2.zinzius.de\/startseite\/wp-json\/wp\/v2\/pages\/757\/revisions\/998"}],"wp:attachment":[{"href":"https:\/\/klippert.wp2.zinzius.de\/startseite\/wp-json\/wp\/v2\/media?parent=757"}],"curies":[{"name":"wp","href":"https:\/\/api.w.org\/{rel}","templated":true}]}}